{"id":1752,"date":"2012-09-22T16:02:49","date_gmt":"2012-09-22T15:02:49","guid":{"rendered":"http:\/\/casopisvino.co.rs\/?page_id=1752"},"modified":"2017-04-22T18:21:18","modified_gmt":"2017-04-22T16:21:18","slug":"knjige-o-vinu","status":"publish","type":"page","link":"https:\/\/casopisvino.co.rs\/blog\/knjige-o-vinu\/","title":{"rendered":"Knjige"},"content":{"rendered":"<p>Na ovoj strani mo\u017eete da pogledate knjige koje smo do sada izdali. Pored kratkog opisa svake knjige bi\u0107ete u mogu\u0107nosti i da obavite naru\u010divanje.<\/p>\n<table border=\"0\" cellspacing=\"5\" cellpadding=\"10\">\n<tbody>\n<tr>\n<td style=\"background-color: #e4e6e5; width: 250px;\">\n<h2 style=\"text-align: center;\"><\/h2>\n<h2 style=\"text-align: center;\"><a title=\"Bitehnika vinove loze\" href=\"http:\/\/casopisvino.co.rs\/izdanja\/biotehnika-vinove-loze\/\"><span style=\"font-size: small;\">BIOTEHNIKA VINOVE LOZE<\/span><\/a><\/h2>\n<h2 style=\"text-align: center;\"><\/h2>\n<\/td>\n<td style=\"width: 20px;\"><\/td>\n<td style=\"width: 250px;\">\n<h2 style=\"text-align: center;\"><span style=\"font-size: small;\"><a href=\"http:\/\/casopisvino.co.rs\/izdanja\/knjiga-proizvodnja-vocnih-rakija-vrhunskog-kvaliteta\">PROIZVODNJA VO\u0106NIH RAKIJA VRHUNSKOG KVALITETA<\/a><\/span><\/h2>\n<\/td>\n<td style=\"text-align: center; width: 20px;\">\n<h2><span style=\"font-size: small;\">\u00a0\u00a0\u00a0 <\/span><\/h2>\n<\/td>\n<td style=\"background-color: #e4e6e5; width: 250px;\">\n<h2 style=\"text-align: center;\"><a href=\"http:\/\/casopisvino.co.rs\/izdanja\/knjiga-proizvodaci-vina-i-rakije-u-srbiji\/\"><span style=\"font-size: small;\">PROIZVO\u0110A\u010cI VINA I RAKIJE U SRBIJI<\/span><\/a><\/h2>\n<\/td>\n<\/tr>\n<tr>\n<td style=\"background-color: #e4e6e5;\"><a href=\"http:\/\/casopisvino.co.rs\/izdanja\/biotehnika-vinove-loze\/\"><img loading=\"lazy\" decoding=\"async\" class=\"wp-image-2090 aligncenter\" title=\"Biotehnika vinove loze\" src=\"http:\/\/casopisvino.co.rs\/blog\/wp-content\/uploads\/2012\/09\/biotehnika-vinove-loze.png\" alt=\"biotehnika vinove loze\" width=\"110\" height=\"157\" \/><\/a><\/td>\n<td align=\"center\" valign=\"middle\"><\/td>\n<td align=\"center\" valign=\"middle\">\n<h2><img loading=\"lazy\" decoding=\"async\" class=\"aligncenter wp-image-2793\" src=\"http:\/\/casopisvino.co.rs\/blog\/wp-content\/uploads\/2016\/03\/Knjiga-Proizvodnja-vocnih-rakija-nikicevic-tesevic-rapsrodato.png\" alt=\"Knjiga-Proizvodnja-vocnih-rakija-nikicevic-tesevic-rapsrodato\" width=\"133\" height=\"157\" \/><\/h2>\n<\/td>\n<td><\/td>\n<td style=\"background-color: #e4e6e5;\" align=\"center\" valign=\"middle\">\n<h2 style=\"text-align: center;\"><a href=\"http:\/\/casopisvino.co.rs\/izdanja\/knjiga-proizvodaci-vina-i-rakije-u-srbiji\/\"><img loading=\"lazy\" decoding=\"async\" class=\"aligncenter\" title=\"Proizvodjaci vina i rakije u Srbiji\" src=\"http:\/\/casopisvino.co.rs\/blog\/wp-content\/uploads\/2009\/11\/Knjiga-197x300.jpg\" alt=\"Proizvodjaci vina i rakije u Srbiji\" width=\"102\" height=\"156\" \/><\/a><\/h2>\n<\/td>\n<\/tr>\n<tr>\n<td style=\"background-color: #e4e6e5;\"><a href=\"http:\/\/casopisvino.co.rs\/izdanja\/biotehnika-vinove-loze\/\"><img loading=\"lazy\" decoding=\"async\" class=\"aligncenter\" title=\"detaljnije-dugme\" src=\"http:\/\/casopisvino.co.rs\/blog\/wp-content\/uploads\/2012\/09\/detaljnije-dugme.png\" alt=\"detaljnije\" width=\"126\" height=\"44\" \/><\/a><\/td>\n<td align=\"center\" valign=\"middle\"><\/td>\n<td align=\"center\" valign=\"middle\"><a href=\"http:\/\/casopisvino.co.rs\/izdanja\/knjiga-proizvodnja-vocnih-rakija-vrhunskog-kvaliteta\/\"><img loading=\"lazy\" decoding=\"async\" class=\"aligncenter\" title=\"detaljnije-dugme\" src=\"http:\/\/casopisvino.co.rs\/blog\/wp-content\/uploads\/2012\/09\/detaljnije-dugme.png\" alt=\"detaljnije\" width=\"126\" height=\"44\" \/><\/a><\/td>\n<td><\/td>\n<td style=\"background-color: #e4e6e5;\" align=\"center\" valign=\"middle\"><a href=\"http:\/\/casopisvino.co.rs\/izdanja\/knjiga-proizvodaci-vina-i-rakije-u-srbiji\/\"><img loading=\"lazy\" decoding=\"async\" title=\"detaljnije-dugme\" src=\"http:\/\/casopisvino.co.rs\/blog\/wp-content\/uploads\/2012\/09\/detaljnije-dugme.png\" alt=\"detaljnije\" width=\"126\" height=\"44\" \/><\/a><\/td>\n<\/tr>\n<tr>\n<td style=\"font-family: Arial,Helvetica,sans-serif; font-size: 10pt; background-color: #e4e6e5;\">Drugo dopunjeno izdanje kultne knjige Biotehnika vinove loze &#8211; Najzna\u010dajnije delo najstarijeg profesora vinogradarstva, prof.dr Miroslava Milosavljevi\u0107a. Ovu knjigu su hvalili stru\u010dnjaci, univerzitetski profesori, akademici, ali i lingvisti i knji\u017eevnici.<\/td>\n<td style=\"font-family: Arial,Helvetica,sans-serif; font-size: 9pt;\"><\/td>\n<td style=\"font-family: Arial,Helvetica,sans-serif; font-size: 9pt;\">Na na\u0161em tr\u017ei\u0161tu pojavila se nova sveobuhvatna knjiga o proizvodnji vo\u0107nih rakija. Autori ove monografije, prof. Dr Ninoslav Niki\u0107evi\u0107 i prof. Dr Vele Te\u0161evi\u0107, dali su jedan celovit i stru\u010dan pristup ovoj temi. Knjiga je namenjena proizvo\u0111a\u010dima vo\u0107nih rakija ali je uspe\u0161no mogu koristiti i studenti kao ud\u017ebenik iz oblasti jakih alkoholnih pi\u0107a.<\/td>\n<td><\/td>\n<td style=\"background-color: #e4e6e5;\">\n<p style=\"font-family: Arial,Helvetica,sans-serif; font-size: 9pt;\">Ova knjiga predstavlja katalog proizvo\u0111a\u010da vina i rakije u Srbiji kroz koju \u010ditalac mo\u017ee da prona\u0111e veliki broj vinskih podruma kako velikih tako i manjih proizvo\u0111a\u010da. Svaki prozvo\u0111a\u010d je predstavljen kratkom pri\u010dom o njemu, ilustrovan fotografijama sa lica mesta i sa kompletnim kontakt podacima. Knjiga je \u0161tampana na luksuznom papiru u punom koloru.<\/p>\n<\/td>\n<\/tr>\n<\/tbody>\n<\/table>\n","protected":false},"excerpt":{"rendered":"<p>Na ovoj strani mo\u017eete da pogledate knjige koje smo do sada izdali. Pored kratkog opisa svake knjige bi\u0107ete u mogu\u0107nosti i da obavite naru\u010divanje. BIOTEHNIKA VINOVE LOZE PROIZVODNJA VO\u0106NIH RAKIJA VRHUNSKOG KVALITETA \u00a0\u00a0\u00a0 PROIZVO\u0110A\u010cI VINA I RAKIJE U SRBIJI Drugo dopunjeno izdanje kultne knjige Biotehnika vinove loze &#8211; Najzna\u010dajnije delo najstarijeg profesora vinogradarstva, prof.dr Miroslava [&hellip;]<\/p>\n","protected":false},"author":7,"featured_media":0,"parent":0,"menu_order":3,"comment_status":"closed","ping_status":"open","template":"","meta":{"footnotes":""},"class_list":["post-1752","page","type-page","status-publish","hentry"],"aioseo_notices":[],"_links":{"self":[{"href":"https:\/\/casopisvino.co.rs\/blog\/wp-json\/wp\/v2\/pages\/1752","targetHints":{"allow":["GET"]}}],"collection":[{"href":"https:\/\/casopisvino.co.rs\/blog\/wp-json\/wp\/v2\/pages"}],"about":[{"href":"https:\/\/casopisvino.co.rs\/blog\/wp-json\/wp\/v2\/types\/page"}],"author":[{"embeddable":true,"href":"https:\/\/casopisvino.co.rs\/blog\/wp-json\/wp\/v2\/users\/7"}],"replies":[{"embeddable":true,"href":"https:\/\/casopisvino.co.rs\/blog\/wp-json\/wp\/v2\/comments?post=1752"}],"version-history":[{"count":64,"href":"https:\/\/casopisvino.co.rs\/blog\/wp-json\/wp\/v2\/pages\/1752\/revisions"}],"predecessor-version":[{"id":2795,"href":"https:\/\/casopisvino.co.rs\/blog\/wp-json\/wp\/v2\/pages\/1752\/revisions\/2795"}],"wp:attachment":[{"href":"https:\/\/casopisvino.co.rs\/blog\/wp-json\/wp\/v2\/media?parent=1752"}],"curies":[{"name":"wp","href":"https:\/\/api.w.org\/{rel}","templated":true}]}}