{"id":2,"date":"2009-07-09T11:39:56","date_gmt":"2009-07-09T09:39:56","guid":{"rendered":"https:\/\/localhost\/vino\/?page_id=2"},"modified":"2016-04-05T22:01:44","modified_gmt":"2016-04-05T20:01:44","slug":"o-nama","status":"publish","type":"page","link":"https:\/\/casopisvino.co.rs\/blog\/o-nama\/","title":{"rendered":"O nama"},"content":{"rendered":"<p><img loading=\"lazy\" decoding=\"async\" class=\"alignleft size-full wp-image-120\" style=\"margin: 5px;\" title=\"O nama\" src=\"http:\/\/casopisvino.co.rs\/blog\/wp-content\/uploads\/2009\/07\/o-nama.jpg\" alt=\"o-nama\" width=\"200\" height=\"154\" \/>\u010casopis Vino je na\u0161 najpoznatiji \u010dasopis za vinarstvo, vinogradarstvo, kulturu jela i pi\u0107a. Cilj nam je podizanje nivoa znanja u proizvodnji vina i podizanje vinske kulture, posebno kroz stru\u010dne tekstove na\u0161ih saradnika. Naravno, bavimo se i temama vezanim za konzumiranje i potro\u0161nju vina, koje sigurno zanimaju mnogo \u0161iri krug \u010ditalaca. Osnovna \u017eelja nam je da \u010dasopis, pre svega, ima edukativni karakter. Do sada smo se bavili temama iz oblasti podizanja i odr\u017eavanja vinograda, iz tehnologije proizvodnje vina, zatim biolo\u0161kim karakteristikama sorti i brojnim drugim srodnim temama; \u010desto se osvr\u0107emo i na zdravstveni aspekt vina; pose\u0107ujemo i predstavljamo brojne doma\u0107e proizvo\u0111a\u010de i ugostiteljske objekte; veliki deo prostora odvajamo za tekstove iz oblasti kulture i istorije vina.<\/p>\n<p>Stalni saradnici \u010casopisa su na\u0161i najpoznatiji enolozi i vinogradari, profesori sa Poljoprivrednog fakulteta iz Beograda, a pored njih tu su i brojni poznavaoci, pesnici, knji\u017eevnici, slikari, prijatelji i ljubitelji vina i na\u0161eg \u010casopisa.<\/p>\n<p>Kao specifi\u010dnost izdvajamo redovno ocenjivanje vina iz prometa koje se obavlja u svakom broju i koje uvek privla\u010di veliku pa\u017enju kako potro\u0161a\u010da tako i samih proizvo\u0111a\u010da. Komisiju \u010dine na\u0161i eminentni stru\u010dnjaci iz ove oblasti.<\/p>\n<p>Prvi broj se pojavio u januaru 2002. godine i od tada je \u010dasopis izlazio tromese\u010dno sve do 2013. godine.<\/p>\n<p>U toku je prebacivanje na elektronsko izdanje a <a title=\"Naru\u010divanje\" href=\"http:\/\/casopisvino.co.rs\/pretplata\/\" target=\"_blank\">stare brojeve mo\u017eete naru\u010diti po posebnoj ceni<\/a>.<\/p>\n<p>&nbsp;<\/p>\n<h2 id=\"kontakt-informacije\">Kontakt informacije<\/h2>\n<address><strong>\u010casopis Vino<\/strong><\/address>\n<address><strong>Telefon redakcije:<\/strong> +381 11 407 2638<\/address>\n<address><strong>Telefon urednika:<\/strong> + 381 64 180 2654 (Nikola Jan\u010di\u0107)<br \/>\n<strong>E-mail:<\/strong> <a href=\"mailto:redakcija@casopisvino.co.rs\">redakcija@casopisvino.co.rs<\/a> i <a href=\"mailto:casopisvino@gmail.com\">casopisvino@gmail.com<\/a><\/address>\n","protected":false},"excerpt":{"rendered":"<p>\u010casopis Vino je na\u0161 najpoznatiji \u010dasopis za vinarstvo, vinogradarstvo, kulturu jela i pi\u0107a. Cilj nam je podizanje nivoa znanja u proizvodnji vina i podizanje vinske kulture, posebno kroz stru\u010dne tekstove na\u0161ih saradnika. Naravno, bavimo se i temama vezanim za konzumiranje i potro\u0161nju vina, koje sigurno zanimaju mnogo \u0161iri krug \u010ditalaca. Osnovna \u017eelja nam je da [&hellip;]<\/p>\n","protected":false},"author":7,"featured_media":0,"parent":0,"menu_order":0,"comment_status":"closed","ping_status":"closed","template":"","meta":{"footnotes":""},"class_list":["post-2","page","type-page","status-publish","hentry"],"aioseo_notices":[],"_links":{"self":[{"href":"https:\/\/casopisvino.co.rs\/blog\/wp-json\/wp\/v2\/pages\/2","targetHints":{"allow":["GET"]}}],"collection":[{"href":"https:\/\/casopisvino.co.rs\/blog\/wp-json\/wp\/v2\/pages"}],"about":[{"href":"https:\/\/casopisvino.co.rs\/blog\/wp-json\/wp\/v2\/types\/page"}],"author":[{"embeddable":true,"href":"https:\/\/casopisvino.co.rs\/blog\/wp-json\/wp\/v2\/users\/7"}],"replies":[{"embeddable":true,"href":"https:\/\/casopisvino.co.rs\/blog\/wp-json\/wp\/v2\/comments?post=2"}],"version-history":[{"count":23,"href":"https:\/\/casopisvino.co.rs\/blog\/wp-json\/wp\/v2\/pages\/2\/revisions"}],"predecessor-version":[{"id":2740,"href":"https:\/\/casopisvino.co.rs\/blog\/wp-json\/wp\/v2\/pages\/2\/revisions\/2740"}],"wp:attachment":[{"href":"https:\/\/casopisvino.co.rs\/blog\/wp-json\/wp\/v2\/media?parent=2"}],"curies":[{"name":"wp","href":"https:\/\/api.w.org\/{rel}","templated":true}]}}